{"id":22,"date":"2016-09-13T13:16:53","date_gmt":"2016-09-13T13:16:53","guid":{"rendered":"http:\/\/localhost\/Themes\/2017\/Vision\/Website_WP\/index.php\/projects\/"},"modified":"2021-11-19T18:19:44","modified_gmt":"2021-11-19T18:19:44","slug":"projects","status":"publish","type":"page","link":"https:\/\/fiduciasolutions.es\/?page_id=22","title":{"rendered":"Proyectos"},"content":{"rendered":"<div>\n<h1>Nuestros proyectos<\/h1>\n<div>\n<p>En Fiducia Solutions no somos consultores, somos profesionales del mundo de la empresa con m\u00e1s de 30 a\u00f1os de experiencia y mas de 200 referencias en toda Espa\u00f1a. Estos son los principales sectores en que hemos trabajado.<\/p>\n<\/div>\n<\/div>\n<h1>01<\/h1>\n<div>\n<h3>Construcci\u00f3n e inmobiliario<\/h3>\n<\/div>\n<p><img src=\"\/wp-content\/uploads\/projects-02.jpg\" alt=\"\"><\/p>\n<h1>02<\/h1>\n<div>\n<h3>Servicios Industriales<\/h3>\n<\/div>\n<p><img src=\"\/wp-content\/uploads\/projects-05.jpg\" alt=\"\"><\/p>\n<h1>03<\/h1>\n<div>\n<h3>Seguros y aseguradoras<\/h3>\n<\/div>\n<p><img src=\"\/wp-content\/uploads\/projects-04.jpg\" alt=\"\"><\/p>\n<h1>04<\/h1>\n<div>\n<h3>Sector del Transporte<\/h3>\n<\/div>\n<p><img src=\"\/wp-content\/uploads\/transporte-aereo.png\" alt=\"\"><\/p>\n<h1>05<\/h1>\n<div>\n<h3>Odontolog\u00eda y cl\u00ednicas<\/h3>\n<\/div>\n<p><img src=\"\/wp-content\/uploads\/odontologia.png\" alt=\"\"><\/p>\n<h1>06<\/h1>\n<div>\n<h3>Sector agroalimentario<\/h3>\n<\/div>\n<p><img src=\"\/wp-content\/uploads\/agroalimentario.png\" alt=\"\"><\/p>\n<h1>07<\/h1>\n<div>\n<h3>Sector agropecuario<\/h3>\n<\/div>\n<p><img src=\"\/wp-content\/uploads\/ganaderia.png\" alt=\"\"><\/p>\n<h1>08<\/h1>\n<div>\n<h3>Hosteleria y Turismo<\/h3>\n<\/div>\n<p><img src=\"\/wp-content\/uploads\/hosteleria.png\" alt=\"\"><\/p>\n<h1>09<\/h1>\n<div>\n<h3>Energias renovables<\/h3>\n<\/div>\n<p><img src=\"\/wp-content\/uploads\/projects-01.jpg\" alt=\"\"><\/p>\n<p><!-- {\"name\":\"Services\",\"type\":\"layout\",\"children\":[{\"name\":\"Hero\",\"type\":\"section\",\"props\":{\"width\":\"default\",\"padding\":\"xlarge\",\"style\":\"default\",\"text_color\":\"light\",\"media\":\"images\\\/service-header.jpg\",\"image\":\"\",\"image_size\":\"cover\",\"image_position\":\"center-center\",\"vertical_align\":\"middle\",\"title_position\":\"top-left\",\"title_rotation\":\"left\",\"title_breakpoint\":\"xl\",\"video\":\"wp-content\\\/uploads\\\/projects-hero-video.mp4\",\"height\":\"section\",\"media_background\":\"rgba(55, 82, 170, 0.9)\",\"media_blend_mode\":\"multiply\",\"media_overlay\":\"rgba(30, 54, 132, 0.7)\",\"video_fallback\":\"\"},\"children\":[{\"name\":\"\",\"type\":\"row\",\"props\":{\"layout\":\"1-2,1-2\",\"width\":\"default\",\"column_gap\":\"small\",\"row_gap\":\"small\"},\"children\":[{\"name\":\"\",\"type\":\"column\",\"props\":{\"image_position\":\"center-center\",\"width_medium\":\"1-2\",\"media_overlay_gradient\":\"\"},\"children\":[{\"name\":\"\",\"type\":\"panel\",\"props\":{\"link_text\":\"Read more\",\"title_element\":\"h1\",\"meta_style\":\"meta\",\"meta_align\":\"below-title\",\"image_align\":\"top\",\"image_grid_width\":\"1-2\",\"link_style\":\"default\",\"margin\":\"medium\",\"content\":\"\n\n<p>En Fiducia Solutions no somos consultores, somos profesionales del mundo de la empresa con m\\u00e1s de 30 a\\u00f1os de experiencia y mas de 200 referencias en toda Espa\\u00f1a. Estos son los principales sectores en que hemos trabajado.<\\\/p>\",\"title\":\"Nuestros proyectos\",\"maxwidth\":\"large\",\"image_grid_breakpoint\":\"m\",\"icon_width\":80,\"title_hover_style\":\"reset\",\"title_align\":\"top\",\"title_grid_width\":\"1-2\",\"title_grid_breakpoint\":\"m\",\"content_column_breakpoint\":\"m\",\"image_svg_color\":\"emphasis\"}}]},{\"name\":\"\",\"type\":\"column\",\"props\":{\"image_position\":\"center-center\",\"width_medium\":\"1-2\",\"media_overlay_gradient\":\"\"}}]}]},{\"name\":\"Projects\",\"type\":\"section\",\"props\":{\"style\":\"default\",\"width\":\"default\",\"vertical_align\":\"middle\",\"title_position\":\"top-left\",\"title_rotation\":\"left\",\"title_breakpoint\":\"xl\",\"image_position\":\"center-center\",\"padding\":\"large\",\"animation\":\"slide-top-small\",\"animation_delay\":false},\"children\":[{\"name\":\"\",\"type\":\"row\",\"props\":{\"layout\":\"1-3,2-3\",\"margin\":\"large\",\"column_gap\":\"large\",\"row_gap\":\"large\"},\"children\":[{\"name\":\"\",\"type\":\"column\",\"props\":{\"image_position\":\"center-center\",\"width_medium\":\"1-3\",\"media_overlay_gradient\":\"\"},\"children\":[{\"name\":\"\",\"type\":\"headline\",\"props\":{\"title_element\":\"h1\",\"content\":\"01\",\"title_style\":\"heading-medium\",\"title_color\":\"muted\",\"margin_remove_bottom\":false,\"margin\":\"remove-vertical\",\"maxwidth\":\"large\",\"block_align\":\"center\"}},{\"name\":\"\",\"type\":\"panel\",\"props\":{\"link_text\":\"Leer m\\u00e1s\",\"title_element\":\"h3\",\"meta_style\":\"\",\"meta_align\":\"below-title\",\"image_align\":\"top\",\"image_grid_width\":\"1-2\",\"link_style\":\"\",\"margin\":\"small\",\"title\":\"Construcci\\u00f3n e inmobiliario\",\"meta\":\"\",\"link\":\"\",\"text_align\":\"left\",\"maxwidth\":\"large\",\"block_align\":\"center\",\"image_grid_breakpoint\":\"m\",\"icon_width\":80,\"title_hover_style\":\"reset\",\"title_align\":\"top\",\"title_grid_width\":\"1-2\",\"title_grid_breakpoint\":\"m\",\"content_column_breakpoint\":\"m\",\"image_svg_color\":\"emphasis\"}}]},{\"name\":\"\",\"type\":\"column\",\"props\":{\"image_position\":\"center-center\",\"width_medium\":\"2-3\",\"media_overlay_gradient\":\"\"},\"children\":[{\"name\":\"\",\"type\":\"image\",\"props\":{\"margin\":\"default\",\"image\":\"wp-content\\\/uploads\\\/projects-02.jpg\",\"image_width\":\"920\",\"link\":\"\",\"image_svg_color\":\"emphasis\"}}]}]},{\"name\":\"\",\"type\":\"row\",\"props\":{\"layout\":\"1-3,2-3\",\"margin\":\"large\",\"column_gap\":\"large\",\"row_gap\":\"large\"},\"children\":[{\"name\":\"\",\"type\":\"column\",\"props\":{\"image_position\":\"center-center\",\"width_medium\":\"1-3\",\"media_overlay_gradient\":\"\"},\"children\":[{\"name\":\"\",\"type\":\"headline\",\"props\":{\"title_element\":\"h1\",\"content\":\"02\",\"title_style\":\"heading-medium\",\"title_color\":\"muted\",\"margin_remove_bottom\":false,\"margin\":\"remove-vertical\",\"maxwidth\":\"large\",\"block_align\":\"center\"}},{\"name\":\"\",\"type\":\"panel\",\"props\":{\"link_text\":\"Leer m\\u00e1s\",\"title_element\":\"h3\",\"meta_style\":\"\",\"meta_align\":\"below-title\",\"image_align\":\"top\",\"image_grid_width\":\"1-2\",\"link_style\":\"\",\"margin\":\"small\",\"title\":\"Servicios Industriales\",\"meta\":\"\",\"link\":\"\",\"text_align\":\"left\",\"maxwidth\":\"large\",\"block_align\":\"center\",\"image_grid_breakpoint\":\"m\",\"icon_width\":80,\"title_hover_style\":\"reset\",\"title_align\":\"top\",\"title_grid_width\":\"1-2\",\"title_grid_breakpoint\":\"m\",\"content_column_breakpoint\":\"m\",\"image_svg_color\":\"emphasis\"}}]},{\"name\":\"\",\"type\":\"column\",\"props\":{\"image_position\":\"center-center\",\"width_medium\":\"2-3\",\"media_overlay_gradient\":\"\"},\"children\":[{\"name\":\"\",\"type\":\"image\",\"props\":{\"margin\":\"default\",\"image\":\"wp-content\\\/uploads\\\/projects-05.jpg\",\"image_width\":\"920\",\"link\":\"\",\"image_svg_color\":\"emphasis\"}}]}]},{\"name\":\"\",\"type\":\"row\",\"props\":{\"layout\":\"1-3,2-3\",\"margin\":\"large\",\"column_gap\":\"large\",\"row_gap\":\"large\"},\"children\":[{\"name\":\"\",\"type\":\"column\",\"props\":{\"image_position\":\"center-center\",\"width_medium\":\"1-3\",\"media_overlay_gradient\":\"\"},\"children\":[{\"name\":\"\",\"type\":\"headline\",\"props\":{\"title_element\":\"h1\",\"content\":\"03\",\"title_style\":\"heading-medium\",\"title_color\":\"muted\",\"margin_remove_bottom\":false,\"margin\":\"remove-vertical\",\"maxwidth\":\"large\",\"block_align\":\"center\"}},{\"name\":\"\",\"type\":\"panel\",\"props\":{\"link_text\":\"Leer m\\u00e1s\",\"title_element\":\"h3\",\"meta_style\":\"\",\"meta_align\":\"below-title\",\"image_align\":\"top\",\"image_grid_width\":\"1-2\",\"link_style\":\"\",\"margin\":\"small\",\"title\":\"Seguros y aseguradoras\",\"meta\":\"\",\"link\":\"\",\"text_align\":\"left\",\"maxwidth\":\"large\",\"block_align\":\"center\",\"image_grid_breakpoint\":\"m\",\"icon_width\":80,\"title_hover_style\":\"reset\",\"title_align\":\"top\",\"title_grid_width\":\"1-2\",\"title_grid_breakpoint\":\"m\",\"content_column_breakpoint\":\"m\",\"image_svg_color\":\"emphasis\"}}]},{\"name\":\"\",\"type\":\"column\",\"props\":{\"image_position\":\"center-center\",\"width_medium\":\"2-3\",\"media_overlay_gradient\":\"\"},\"children\":[{\"name\":\"\",\"type\":\"image\",\"props\":{\"margin\":\"default\",\"image\":\"wp-content\\\/uploads\\\/projects-04.jpg\",\"image_width\":\"920\",\"link\":\"\",\"image_svg_color\":\"emphasis\"}}]}]},{\"name\":\"\",\"type\":\"row\",\"props\":{\"layout\":\"1-3,2-3\",\"margin\":\"large\",\"column_gap\":\"large\",\"row_gap\":\"large\"},\"children\":[{\"name\":\"\",\"type\":\"column\",\"props\":{\"image_position\":\"center-center\",\"width_medium\":\"1-3\",\"media_overlay_gradient\":\"\"},\"children\":[{\"name\":\"\",\"type\":\"headline\",\"props\":{\"title_element\":\"h1\",\"content\":\"04\",\"title_style\":\"heading-medium\",\"title_color\":\"muted\",\"margin_remove_bottom\":false,\"margin\":\"remove-vertical\",\"maxwidth\":\"large\",\"block_align\":\"center\"}},{\"name\":\"\",\"type\":\"panel\",\"props\":{\"link_text\":\"Leer m\\u00e1s\",\"title_element\":\"h3\",\"meta_style\":\"\",\"meta_align\":\"below-title\",\"image_align\":\"top\",\"image_grid_width\":\"1-2\",\"link_style\":\"\",\"margin\":\"small\",\"title\":\"Sector del Transporte\",\"meta\":\"\",\"link\":\"\",\"text_align\":\"left\",\"maxwidth\":\"large\",\"block_align\":\"center\",\"image_grid_breakpoint\":\"m\",\"icon_width\":80,\"title_hover_style\":\"reset\",\"title_align\":\"top\",\"title_grid_width\":\"1-2\",\"title_grid_breakpoint\":\"m\",\"content_column_breakpoint\":\"m\",\"image_svg_color\":\"emphasis\"}}]},{\"name\":\"\",\"type\":\"column\",\"props\":{\"image_position\":\"center-center\",\"width_medium\":\"2-3\",\"media_overlay_gradient\":\"\"},\"children\":[{\"name\":\"\",\"type\":\"image\",\"props\":{\"margin\":\"default\",\"image\":\"wp-content\\\/uploads\\\/transporte-aereo.png\",\"image_width\":\"920\",\"link\":\"\",\"image_svg_color\":\"emphasis\"}}]}]},{\"name\":\"\",\"type\":\"row\",\"props\":{\"layout\":\"1-3,2-3\",\"margin\":\"large\",\"column_gap\":\"large\",\"row_gap\":\"large\"},\"children\":[{\"name\":\"\",\"type\":\"column\",\"props\":{\"image_position\":\"center-center\",\"width_medium\":\"1-3\",\"media_overlay_gradient\":\"\"},\"children\":[{\"name\":\"\",\"type\":\"headline\",\"props\":{\"title_element\":\"h1\",\"content\":\"05\",\"title_style\":\"heading-medium\",\"title_color\":\"muted\",\"margin_remove_bottom\":false,\"margin\":\"remove-vertical\",\"maxwidth\":\"large\",\"block_align\":\"center\"}},{\"name\":\"\",\"type\":\"panel\",\"props\":{\"link_text\":\"Leer m\\u00e1s\",\"title_element\":\"h3\",\"meta_style\":\"\",\"meta_align\":\"below-title\",\"image_align\":\"top\",\"image_grid_width\":\"1-2\",\"link_style\":\"\",\"margin\":\"small\",\"title\":\"Odontolog\\u00eda y cl\\u00ednicas\",\"meta\":\"\",\"link\":\"\",\"text_align\":\"left\",\"maxwidth\":\"large\",\"block_align\":\"center\",\"image_grid_breakpoint\":\"m\",\"icon_width\":80,\"title_hover_style\":\"reset\",\"title_align\":\"top\",\"title_grid_width\":\"1-2\",\"title_grid_breakpoint\":\"m\",\"content_column_breakpoint\":\"m\",\"image_svg_color\":\"emphasis\"}}]},{\"name\":\"\",\"type\":\"column\",\"props\":{\"image_position\":\"center-center\",\"width_medium\":\"2-3\",\"media_overlay_gradient\":\"\"},\"children\":[{\"name\":\"\",\"type\":\"image\",\"props\":{\"margin\":\"default\",\"image\":\"wp-content\\\/uploads\\\/odontologia.png\",\"image_width\":\"920\",\"link\":\"\",\"image_svg_color\":\"emphasis\"}}]}]},{\"name\":\"\",\"type\":\"row\",\"props\":{\"layout\":\"1-3,2-3\",\"margin\":\"large\",\"column_gap\":\"large\",\"row_gap\":\"large\"},\"children\":[{\"name\":\"\",\"type\":\"column\",\"props\":{\"image_position\":\"center-center\",\"width_medium\":\"1-3\",\"media_overlay_gradient\":\"\"},\"children\":[{\"name\":\"\",\"type\":\"headline\",\"props\":{\"title_element\":\"h1\",\"content\":\"06\",\"title_style\":\"heading-medium\",\"title_color\":\"muted\",\"margin_remove_bottom\":false,\"margin\":\"remove-vertical\",\"maxwidth\":\"large\",\"block_align\":\"center\"}},{\"name\":\"\",\"type\":\"panel\",\"props\":{\"link_text\":\"Leer m\\u00e1s\",\"title_element\":\"h3\",\"meta_style\":\"\",\"meta_align\":\"below-title\",\"image_align\":\"top\",\"image_grid_width\":\"1-2\",\"link_style\":\"\",\"margin\":\"small\",\"title\":\"Sector agroalimentario\",\"meta\":\"\",\"link\":\"\",\"text_align\":\"left\",\"maxwidth\":\"large\",\"block_align\":\"center\",\"image_grid_breakpoint\":\"m\",\"icon_width\":80,\"title_hover_style\":\"reset\",\"title_align\":\"top\",\"title_grid_width\":\"1-2\",\"title_grid_breakpoint\":\"m\",\"content_column_breakpoint\":\"m\",\"image_svg_color\":\"emphasis\"}}]},{\"name\":\"\",\"type\":\"column\",\"props\":{\"image_position\":\"center-center\",\"width_medium\":\"2-3\",\"media_overlay_gradient\":\"\"},\"children\":[{\"name\":\"\",\"type\":\"image\",\"props\":{\"margin\":\"default\",\"image\":\"wp-content\\\/uploads\\\/agroalimentario.png\",\"image_width\":\"920\",\"link\":\"\",\"image_svg_color\":\"emphasis\"}}]}]},{\"name\":\"\",\"type\":\"row\",\"props\":{\"layout\":\"1-3,2-3\",\"margin\":\"large\",\"column_gap\":\"large\",\"row_gap\":\"large\"},\"children\":[{\"name\":\"\",\"type\":\"column\",\"props\":{\"image_position\":\"center-center\",\"width_medium\":\"1-3\",\"media_overlay_gradient\":\"\"},\"children\":[{\"name\":\"\",\"type\":\"headline\",\"props\":{\"title_element\":\"h1\",\"content\":\"07\",\"title_style\":\"heading-medium\",\"title_color\":\"muted\",\"margin_remove_bottom\":false,\"margin\":\"remove-vertical\",\"maxwidth\":\"large\",\"block_align\":\"center\"}},{\"name\":\"\",\"type\":\"panel\",\"props\":{\"link_text\":\"Leer m\\u00e1s\",\"title_element\":\"h3\",\"meta_style\":\"\",\"meta_align\":\"below-title\",\"image_align\":\"top\",\"image_grid_width\":\"1-2\",\"link_style\":\"\",\"margin\":\"small\",\"title\":\"Sector agropecuario\",\"meta\":\"\",\"link\":\"\",\"text_align\":\"left\",\"maxwidth\":\"large\",\"block_align\":\"center\",\"image_grid_breakpoint\":\"m\",\"icon_width\":80,\"title_hover_style\":\"reset\",\"title_align\":\"top\",\"title_grid_width\":\"1-2\",\"title_grid_breakpoint\":\"m\",\"content_column_breakpoint\":\"m\",\"image_svg_color\":\"emphasis\"}}]},{\"name\":\"\",\"type\":\"column\",\"props\":{\"image_position\":\"center-center\",\"width_medium\":\"2-3\",\"media_overlay_gradient\":\"\"},\"children\":[{\"name\":\"\",\"type\":\"image\",\"props\":{\"margin\":\"default\",\"image\":\"wp-content\\\/uploads\\\/ganaderia.png\",\"image_width\":\"920\",\"link\":\"\",\"image_svg_color\":\"emphasis\"}}]}]},{\"name\":\"\",\"type\":\"row\",\"props\":{\"layout\":\"1-3,2-3\",\"margin\":\"large\",\"column_gap\":\"large\",\"row_gap\":\"large\"},\"children\":[{\"name\":\"\",\"type\":\"column\",\"props\":{\"image_position\":\"center-center\",\"width_medium\":\"1-3\",\"media_overlay_gradient\":\"\"},\"children\":[{\"name\":\"\",\"type\":\"headline\",\"props\":{\"title_element\":\"h1\",\"content\":\"08\",\"title_style\":\"heading-medium\",\"title_color\":\"muted\",\"margin_remove_bottom\":false,\"margin\":\"remove-vertical\",\"maxwidth\":\"large\",\"block_align\":\"center\"}},{\"name\":\"\",\"type\":\"panel\",\"props\":{\"link_text\":\"Leer m\\u00e1s\",\"title_element\":\"h3\",\"meta_style\":\"\",\"meta_align\":\"below-title\",\"image_align\":\"top\",\"image_grid_width\":\"1-2\",\"link_style\":\"\",\"margin\":\"small\",\"title\":\"Hosteleria y Turismo\",\"meta\":\"\",\"link\":\"\",\"text_align\":\"left\",\"maxwidth\":\"large\",\"block_align\":\"center\",\"image_grid_breakpoint\":\"m\",\"icon_width\":80,\"title_hover_style\":\"reset\",\"title_align\":\"top\",\"title_grid_width\":\"1-2\",\"title_grid_breakpoint\":\"m\",\"content_column_breakpoint\":\"m\",\"image_svg_color\":\"emphasis\"}}]},{\"name\":\"\",\"type\":\"column\",\"props\":{\"image_position\":\"center-center\",\"width_medium\":\"2-3\",\"media_overlay_gradient\":\"\"},\"children\":[{\"name\":\"\",\"type\":\"image\",\"props\":{\"margin\":\"default\",\"image\":\"wp-content\\\/uploads\\\/hosteleria.png\",\"image_width\":\"920\",\"link\":\"\",\"image_svg_color\":\"emphasis\"}}]}]},{\"name\":\"\",\"type\":\"row\",\"props\":{\"layout\":\"1-3,2-3\",\"margin\":\"large\",\"column_gap\":\"large\",\"row_gap\":\"large\"},\"children\":[{\"name\":\"\",\"type\":\"column\",\"props\":{\"image_position\":\"center-center\",\"width_medium\":\"1-3\",\"media_overlay_gradient\":\"\"},\"children\":[{\"name\":\"\",\"type\":\"headline\",\"props\":{\"title_element\":\"h1\",\"content\":\"09\",\"title_style\":\"heading-medium\",\"title_color\":\"muted\",\"margin_remove_bottom\":false,\"margin\":\"remove-vertical\",\"maxwidth\":\"large\",\"block_align\":\"center\"}},{\"name\":\"\",\"type\":\"panel\",\"props\":{\"link_text\":\"Leer m\\u00e1s\",\"title_element\":\"h3\",\"meta_style\":\"\",\"meta_align\":\"below-title\",\"image_align\":\"top\",\"image_grid_width\":\"1-2\",\"link_style\":\"\",\"margin\":\"small\",\"title\":\"Energias renovables\",\"meta\":\"\",\"link\":\"\",\"text_align\":\"left\",\"maxwidth\":\"large\",\"block_align\":\"center\",\"image_grid_breakpoint\":\"m\",\"icon_width\":80,\"title_hover_style\":\"reset\",\"title_align\":\"top\",\"title_grid_width\":\"1-2\",\"title_grid_breakpoint\":\"m\",\"content_column_breakpoint\":\"m\",\"image_svg_color\":\"emphasis\"}}]},{\"name\":\"\",\"type\":\"column\",\"props\":{\"image_position\":\"center-center\",\"width_medium\":\"2-3\",\"media_overlay_gradient\":\"\"},\"children\":[{\"name\":\"\",\"type\":\"image\",\"props\":{\"margin\":\"default\",\"image\":\"wp-content\\\/uploads\\\/projects-01.jpg\",\"image_width\":\"920\",\"link\":\"\",\"image_svg_color\":\"emphasis\"}}]}]}]}],\"version\":\"2.1.2\"} --><\/p>\n","protected":false},"excerpt":{"rendered":"<p>Nuestros proyectos En Fiducia Solutions no somos consultores, somos profesionales del mundo de la empresa con m\u00e1s de 30 a\u00f1os de experiencia y mas de 200 referencias en toda Espa\u00f1a. Estos son los principales sectores en que hemos trabajado. 01 Construcci\u00f3n e inmobiliario 02 Servicios Industriales 03 Seguros y aseguradoras 04 Sector del Transporte 05 [&hellip;]<\/p>\n","protected":false},"author":1,"featured_media":0,"parent":0,"menu_order":11,"comment_status":"closed","ping_status":"closed","template":"","meta":[],"_links":{"self":[{"href":"https:\/\/fiduciasolutions.es\/index.php?rest_route=\/wp\/v2\/pages\/22"}],"collection":[{"href":"https:\/\/fiduciasolutions.es\/index.php?rest_route=\/wp\/v2\/pages"}],"about":[{"href":"https:\/\/fiduciasolutions.es\/index.php?rest_route=\/wp\/v2\/types\/page"}],"author":[{"embeddable":true,"href":"https:\/\/fiduciasolutions.es\/index.php?rest_route=\/wp\/v2\/users\/1"}],"replies":[{"embeddable":true,"href":"https:\/\/fiduciasolutions.es\/index.php?rest_route=%2Fwp%2Fv2%2Fcomments&post=22"}],"version-history":[{"count":42,"href":"https:\/\/fiduciasolutions.es\/index.php?rest_route=\/wp\/v2\/pages\/22\/revisions"}],"predecessor-version":[{"id":639,"href":"https:\/\/fiduciasolutions.es\/index.php?rest_route=\/wp\/v2\/pages\/22\/revisions\/639"}],"wp:attachment":[{"href":"https:\/\/fiduciasolutions.es\/index.php?rest_route=%2Fwp%2Fv2%2Fmedia&parent=22"}],"curies":[{"name":"wp","href":"https:\/\/api.w.org\/{rel}","templated":true}]}}