{"id":24,"date":"2017-08-17T07:42:56","date_gmt":"2017-08-17T07:42:56","guid":{"rendered":"http:\/\/localhost\/Themes\/2017\/Vision\/Website_WP\/index.php\/contact\/"},"modified":"2021-11-09T18:35:04","modified_gmt":"2021-11-09T18:35:04","slug":"contact","status":"publish","type":"page","link":"https:\/\/fiduciasolutions.es\/?page_id=24","title":{"rendered":"Contacto"},"content":{"rendered":"<h1>P\u00f3ngase en contacto con nosotros por correo electr\u00f3nico, ll\u00e1menos o vis\u00edtenos.<\/h1>\n<div>\n<h2>Madrid<\/h2>\n<div>\n<p>Guadalquivir, 5<br \/>Pozuelo de Alarc\u00f3n, Madrid<br \/>+34 619 839 892<br \/><a href=\"mailto:hola@fiduciasolutions.es\">hola@fiduciasolutions.es<\/a><\/p>\n<\/div>\n<\/div>\n<div>\n<h3>Madrid<\/h3>\n<div>\n<p>Guadalquivir, 5<br \/>Pozuelo de Alarc\u00f3n, Madrid<\/p>\n<\/div>\n<p>40.4313,-3.8219<\/p>\n<\/div>\n<ul>\n<li>\n<p><a href=\"mailto:someone@example.com\"><\/p>\n<p>hola@fiduciasolutions.es<\/p>\n<p><\/a><\/p>\n<\/li>\n<li>\n<p><a href=\"tel:+44 555 00 00 15\"><\/p>\n<p>+ 34 619 839 892<\/p>\n<p><\/a><\/p>\n<\/li>\n<\/ul>\n<div>\n<p>Soporte de 8 AM a 11 PM (GMT+1)<\/p>\n<\/div>\n<h3>Mant\u00e9ngase informado<\/h3>\n<p><!-- {\"name\":\"\",\"type\":\"layout\",\"children\":[{\"name\":\"\",\"type\":\"section\",\"props\":{\"style\":\"default\",\"width\":\"default\",\"vertical_align\":\"middle\",\"title_position\":\"top-left\",\"title_rotation\":\"left\",\"title_breakpoint\":\"xl\",\"image_position\":\"center-center\",\"padding\":\"large\",\"padding_remove_bottom\":true,\"animation_delay\":false},\"children\":[{\"name\":\"\",\"type\":\"row\",\"children\":[{\"name\":\"\",\"type\":\"column\",\"props\":{\"image_position\":\"center-center\",\"width_medium\":\"1-1\",\"media_overlay_gradient\":\"\"},\"children\":[{\"name\":\"\",\"type\":\"headline\",\"props\":{\"title_element\":\"h1\",\"content\":\"P\\u00f3ngase en contacto con nosotros por correo electr\\u00f3nico, ll\\u00e1menos o vis\\u00edtenos.\",\"maxwidth\":\"xlarge\",\"title_style\":\"h2\",\"text_align\":\"left\",\"text_align_breakpoint\":\"s\",\"text_align_fallback\":\"center\"}}]}]},{\"name\":\"\",\"type\":\"row\",\"props\":{\"margin\":\"large\"},\"children\":[{\"name\":\"\",\"type\":\"column\",\"props\":{\"image_position\":\"center-center\",\"width_medium\":\"1-1\",\"media_overlay_gradient\":\"\"},\"children\":[{\"name\":\"\",\"type\":\"grid\",\"props\":{\"show_title\":true,\"show_meta\":true,\"show_content\":true,\"show_image\":true,\"show_link\":true,\"grid_default\":\"1\",\"grid_medium\":\"3\",\"title_element\":\"h2\",\"meta_style\":\"meta\",\"meta_align\":\"below-title\",\"image_align\":\"top\",\"image_grid_width\":\"1-2\",\"link_text\":\"Read more\",\"link_style\":\"default\",\"margin\":\"default\",\"grid_small\":\"2\",\"text_align\":\"left\",\"text_align_breakpoint\":\"s\",\"text_align_fallback\":\"center\",\"title_style\":\"h3\",\"grid_column_gap\":\"large\",\"grid_row_gap\":\"large\",\"image_grid_breakpoint\":\"m\",\"icon_width\":80,\"filter_style\":\"tab\",\"filter_all\":true,\"filter_position\":\"top\",\"filter_align\":\"left\",\"filter_grid_width\":\"auto\",\"filter_grid_breakpoint\":\"m\",\"title_hover_style\":\"reset\",\"title_align\":\"top\",\"title_grid_width\":\"1-2\",\"title_grid_breakpoint\":\"m\",\"content_column_breakpoint\":\"m\",\"image_svg_color\":\"emphasis\",\"item_animation\":\"\"},\"children\":[{\"name\":\"\",\"type\":\"grid_item\",\"props\":{\"content\":\"\n\n<p>Guadalquivir, 5<br \\\/>Pozuelo de Alarc\\u00f3n, Madrid<br \\\/>+34 619 839 892<br \\\/><a href=\\\"mailto:hola@fiduciasolutions.es\\\">hola@fiduciasolutions.es<\\\/a><\\\/p>\",\"title\":\"Madrid\",\"link\":\"\"}}]}]}]}]},{\"name\":\"\",\"type\":\"section\",\"props\":{\"style\":\"default\",\"width\":\"\",\"vertical_align\":\"middle\",\"title_position\":\"top-left\",\"title_rotation\":\"left\",\"title_breakpoint\":\"xl\",\"image_position\":\"center-center\",\"padding_remove_top\":false,\"padding_remove_bottom\":true,\"padding\":\"large\"},\"children\":[{\"name\":\"\",\"type\":\"row\",\"props\":{\"margin\":\"small\",\"vertical_align\":true,\"column_gap\":\"large\",\"row_gap\":\"large\"},\"children\":[{\"name\":\"\",\"type\":\"column\",\"props\":{\"image_position\":\"center-center\",\"width_medium\":\"1-1\",\"media_overlay_gradient\":\"\"},\"children\":[{\"name\":\"\",\"type\":\"map\",\"props\":{\"show_title\":true,\"type\":\"roadmap\",\"zoom\":11,\"controls\":false,\"zooming\":false,\"dragging\":false,\"styler_hue\":null,\"height\":\"620\",\"styler_lightness\":39,\"styler_invert_lightness\":false,\"styler_saturation\":-100,\"styler_gamma\":2},\"children\":[{\"name\":\"\",\"type\":\"map_marker\",\"props\":{\"location\":\"40.4313,-3.8219\",\"title\":\"Madrid\",\"show_popup\":false,\"content\":\"\n\n<p>Guadalquivir, 5<br \\\/>Pozuelo de Alarc\\u00f3n, Madrid<\\\/p>\"}}]}]}]}]},{\"name\":\"\",\"type\":\"section\",\"props\":{\"style\":\"default\",\"width\":\"default\",\"vertical_align\":\"middle\",\"title_position\":\"top-left\",\"title_rotation\":\"left\",\"title_breakpoint\":\"xl\",\"image_position\":\"center-left\",\"padding\":\"large\",\"image\":\"\"},\"children\":[{\"name\":\"\",\"type\":\"row\",\"props\":{\"layout\":\"1-2,1-2\",\"vertical_align\":false,\"column_gap\":\"large\",\"row_gap\":\"large\"},\"children\":[{\"name\":\"\",\"type\":\"column\",\"props\":{\"image_position\":\"center-center\",\"width_medium\":\"1-2\",\"media_overlay_gradient\":\"\"},\"children\":[{\"name\":\"\",\"type\":\"list\",\"props\":{\"show_image\":true,\"show_link\":true,\"image_align\":\"left\",\"content_style\":\"h3\",\"link_style\":\"text\",\"text_align\":\"left\",\"maxwidth\":\"large\",\"list_size\":\"\",\"list_element\":\"ul\",\"column_breakpoint\":\"m\",\"image_svg_color\":\"emphasis\",\"image_vertical_align\":true},\"children\":[{\"name\":\"\",\"type\":\"list_item\",\"props\":{\"content\":\"\n\n<p>hola@fiduciasolutions.es<\\\/p>\",\"link\":\"mailto:someone@example.com\"}},{\"name\":\"\",\"type\":\"list_item\",\"props\":{\"content\":\"\n\n<p>+ 34 619 839 892<\\\/p>\",\"link\":\"tel:+44 555 00 00 15\"}}]},{\"name\":\"\",\"type\":\"text\",\"props\":{\"margin\":\"\",\"column_breakpoint\":\"m\",\"content\":\"\n\n<p>Soporte de 8 AM a 11 PM (GMT+1)<\\\/p>\",\"text_align\":\"left\",\"text_color\":\"muted\",\"maxwidth\":\"large\"}}]},{\"name\":\"\",\"type\":\"column\",\"props\":{\"image_position\":\"center-center\",\"width_medium\":\"1-2\",\"media_overlay_gradient\":\"\"},\"children\":[{\"name\":\"\",\"type\":\"headline\",\"props\":{\"title_element\":\"h3\",\"content\":\"Mant\\u00e9ngase informado\",\"text_align\":\"left\",\"maxwidth\":\"small\"}},{\"name\":\"\",\"type\":\"newsletter\",\"props\":{\"layout\":\"grid\",\"show_name\":false,\"label_first_name\":\"First name\",\"label_last_name\":\"Last name\",\"label_email\":\"Direcci\\u00f3n de correo electr\\u00f3nico\",\"label_button\":\"Suscribirse\",\"provider\":{\"name\":\"mailchimp\",\"after_submit\":\"message\",\"message\":\"Te has suscrito con \\u00e9xito.\",\"redirect\":\"\"},\"mailchimp\":{\"client_id\":\"\",\"list_id\":\"\"},\"cmonitor\":{\"client_id\":\"\",\"list_id\":\"\"},\"button_mode\":\"button\",\"button_style\":\"primary\",\"button_icon\":\"mail\",\"gap\":\"medium\"}}]}]}]}],\"version\":\"2.1.2\"} --><\/p>\n","protected":false},"excerpt":{"rendered":"<p>P\u00f3ngase en contacto con nosotros por correo electr\u00f3nico, ll\u00e1menos o vis\u00edtenos. Madrid Guadalquivir, 5Pozuelo de Alarc\u00f3n, Madrid+34 619 839 892hola@fiduciasolutions.es Madrid Guadalquivir, 5Pozuelo de Alarc\u00f3n, Madrid 40.4313,-3.8219 hola@fiduciasolutions.es + 34 619 839 892 Soporte de 8 AM a 11 PM (GMT+1) Mant\u00e9ngase informado<\/p>\n","protected":false},"author":1,"featured_media":0,"parent":0,"menu_order":6,"comment_status":"closed","ping_status":"closed","template":"","meta":[],"_links":{"self":[{"href":"https:\/\/fiduciasolutions.es\/index.php?rest_route=\/wp\/v2\/pages\/24"}],"collection":[{"href":"https:\/\/fiduciasolutions.es\/index.php?rest_route=\/wp\/v2\/pages"}],"about":[{"href":"https:\/\/fiduciasolutions.es\/index.php?rest_route=\/wp\/v2\/types\/page"}],"author":[{"embeddable":true,"href":"https:\/\/fiduciasolutions.es\/index.php?rest_route=\/wp\/v2\/users\/1"}],"replies":[{"embeddable":true,"href":"https:\/\/fiduciasolutions.es\/index.php?rest_route=%2Fwp%2Fv2%2Fcomments&post=24"}],"version-history":[{"count":23,"href":"https:\/\/fiduciasolutions.es\/index.php?rest_route=\/wp\/v2\/pages\/24\/revisions"}],"predecessor-version":[{"id":567,"href":"https:\/\/fiduciasolutions.es\/index.php?rest_route=\/wp\/v2\/pages\/24\/revisions\/567"}],"wp:attachment":[{"href":"https:\/\/fiduciasolutions.es\/index.php?rest_route=%2Fwp%2Fv2%2Fmedia&parent=24"}],"curies":[{"name":"wp","href":"https:\/\/api.w.org\/{rel}","templated":true}]}}