{"id":269,"date":"2021-10-28T18:38:41","date_gmt":"2021-10-28T18:38:41","guid":{"rendered":"https:\/\/fiduciasolutions.es\/?page_id=269"},"modified":"2021-11-19T18:26:20","modified_gmt":"2021-11-19T18:26:20","slug":"javier-manso","status":"publish","type":"page","link":"https:\/\/fiduciasolutions.es\/?page_id=269","title":{"rendered":"Javier Manso"},"content":{"rendered":"<h1>Javier Manso<\/h1>\n<div>\n<p>CEO &amp; Socio Fundador<\/p>\n<\/div>\n<p><img src=\"\/wp-content\/uploads\/JavierM-1100x1467-1.png\" alt=\"\"><\/p>\n<div>\n<p>Madrid, Espa\u00f1a<\/p>\n<\/div>\n<p>\n    <a href=\"tel:+34 619 839 892\">+34 619 839 892<\/a>\n<\/p>\n<p>\n    <a href=\"mailto:javiermanso@fiduciasolutions.es\">javiermanso@fiduciasolutions.es<\/a>\n<\/p>\n<ul>\n<li><a href=\"https:\/\/www.linkedin.com\/in\/francisco-javier-manso-matienzo-b2832116\/\">linkedin<\/a><\/li>\n<\/ul>\n<div>\n<p style=\"text-align: justify;\"><strong>Licenciado en Ciencias Econ\u00f3micas y Empresariales por la Universidad Complutense de Madrid, M\u00e1ster en Direcci\u00f3n de empresas por el IESE y M\u00e1ster \u00a0en Tributaci\u00f3n por el CEF.<\/strong><\/p>\n<p style=\"text-align: justify;\">Ha desarrollado su trayectoria profesional en el \u00e1mbito de la gesti\u00f3n ostentando diferentes posiciones como Controller, Director Financiero y Director General formando tambi\u00e9n parte de Comit\u00e9s de direcci\u00f3n y \u00f3rganos de gobierno en empresas como VISA, SINTEL (Grupo Telef\u00f3nica), Ericsson, ONO y Gestair.<\/p>\n<p style=\"text-align: justify;\">Cuenta con experiencia internacional al haber desempe\u00f1ado cargos ejecutivos en varios pa\u00edses de Hispanoam\u00e9rica.<\/p>\n<p style=\"text-align: justify;\">Ha participado en proyectos de Compra y Venta de Compa\u00f1\u00edas, reestructuraciones, lanzamiento de empresas, EREs y operaciones corporativas (MBOs).<\/p>\n<p style=\"text-align: justify;\">Desde hace seis seis a\u00f1os ha dedicado su actividad profesional al mundo de la empresa familiar asesorando en proyectos corporativos y de reestructuraci\u00f3n de compa\u00f1\u00edas.<\/p>\n<p style=\"text-align: justify;\">En el campo docente ha sido profesor en la Universidad Europea en materia de estructuras de financiaci\u00f3n y fiscalidad internacional en el programa Master en Edificaci\u00f3n y Construcci\u00f3n de la Universidad Europea y en la c\u00e1tedra de estructura econ\u00f3mica de la Universidad Aut\u00f3noma de Madrid.<\/p>\n<\/div>\n<h2>Estudios de casos<\/h2>\n<div>\n<p>        <img src=\"\/wp-content\/uploads\/vita-case-studies.jpg\" alt=\"\"><\/p>\n<h3>Saving over 3 Billion on a New Submarine<\/h3>\n<p>March 21, 2017<\/p>\n<div>Lorem ipsum dolor sit amet, consetetur sadipscing elitr, sed diam nonumy eirmod tempor invidunt ut labore et dolore magna aliquyam erat, sed diam voluptun dolor sit amet.<\/div>\n<p><a href=\"#\">Read more<\/a><\/p>\n<\/div>\n<ul>\n<li>\n<h3>Jack\u2019s First Consulting Contract in Las Vegas<\/h3>\n<p>March 21, 2017<\/p>\n<p><a href=\"\/index.php?page_id=29\">Read more<\/a><\/p>\n<\/li>\n<li>\n<h3>How to Keep Difficult Clients Happy<\/h3>\n<p>October 2, 2017<\/p>\n<p><a href=\"\/index.php?page_id=29\">Read more<\/a><\/p>\n<\/li>\n<li>\n<h3>Creating New Business Standards<\/h3>\n<p>July 22, 2017<\/p>\n<p><a href=\"\/index.php?page_id=29\">Read more<\/a><\/p>\n<\/li>\n<\/ul>\n<p><!-- {\"name\":\"\",\"type\":\"layout\",\"children\":[{\"name\":\"Vita\",\"type\":\"section\",\"props\":{\"style\":\"default\",\"width\":\"default\",\"vertical_align\":\"middle\",\"title_position\":\"top-left\",\"title_rotation\":\"left\",\"title_breakpoint\":\"xl\",\"image_position\":\"center-center\",\"padding\":\"large\",\"animation_delay\":false},\"children\":[{\"name\":\"\",\"type\":\"row\",\"children\":[{\"name\":\"\",\"type\":\"column\",\"props\":{\"image_position\":\"center-center\",\"width_medium\":\"1-1\",\"media_overlay_gradient\":\"\"},\"children\":[{\"name\":\"\",\"type\":\"headline\",\"props\":{\"title_element\":\"h1\",\"content\":\"Javier Manso\",\"title_decoration\":\"bullet\",\"title_style\":\"h2\",\"margin\":\"small\"}},{\"name\":\"\",\"type\":\"text\",\"props\":{\"margin\":\"remove-vertical\",\"column_breakpoint\":\"m\",\"content\":\"\n\n<p>CEO &amp; Socio Fundador<\\\/p>\"}}]}]},{\"name\":\"\",\"type\":\"row\",\"props\":{\"layout\":\"1-3,2-3\",\"column_gap\":\"large\",\"row_gap\":\"large\"},\"children\":[{\"name\":\"\",\"type\":\"column\",\"props\":{\"image_position\":\"center-center\",\"width_small\":\"1-3\",\"media_overlay_gradient\":\"\"},\"children\":[{\"name\":\"\",\"type\":\"image\",\"props\":{\"margin\":\"default\",\"image\":\"wp-content\\\/uploads\\\/JavierM-1100x1467-1.png\",\"image_width\":\"600\",\"image_svg_color\":\"emphasis\"}},{\"name\":\"\",\"type\":\"text\",\"props\":{\"margin\":\"medium\",\"column_breakpoint\":\"m\",\"content\":\"\n\n<p>Madrid, Espa\\u00f1a<\\\/p>\",\"margin_remove_top\":false,\"margin_remove_bottom\":true}},{\"name\":\"\",\"type\":\"button\",\"props\":{\"margin\":\"remove-vertical\",\"grid_column_gap\":\"small\",\"grid_row_gap\":\"small\"},\"children\":[{\"name\":\"\",\"type\":\"button_item\",\"props\":{\"button_style\":\"link-text\",\"icon_align\":\"left\",\"content\":\"+34 619 839 892\",\"link\":\"tel:+34 619 839 892\"}}]},{\"name\":\"\",\"type\":\"button\",\"props\":{\"margin\":\"remove-vertical\",\"grid_column_gap\":\"small\",\"grid_row_gap\":\"small\"},\"children\":[{\"name\":\"\",\"type\":\"button_item\",\"props\":{\"button_style\":\"\",\"icon_align\":\"left\",\"content\":\"javiermanso@fiduciasolutions.es\",\"link\":\"mailto:javiermanso@fiduciasolutions.es\"}}]},{\"name\":\"\",\"type\":\"social\",\"props\":{\"link_style\":\"link\",\"margin\":\"default\",\"gap\":\"small\",\"link_1\":\"https:\\\/\\\/www.linkedin.com\\\/in\\\/francisco-javier-manso-matienzo-b2832116\\\/\",\"link_2\":\"\",\"link_3\":\"\"}}]},{\"name\":\"\",\"type\":\"column\",\"props\":{\"image_position\":\"center-center\",\"width_small\":\"2-3\",\"media_overlay_gradient\":\"\"},\"children\":[{\"name\":\"\",\"type\":\"text\",\"props\":{\"margin\":\"default\",\"column_breakpoint\":\"m\",\"content\":\"\n\n<p style=\\\"text-align: justify;\\\"><strong>Licenciado en Ciencias Econ\\u00f3micas y Empresariales por la Universidad Complutense de Madrid, M\\u00e1ster en Direcci\\u00f3n de empresas por el IESE y M\\u00e1ster \\u00a0en Tributaci\\u00f3n por el CEF.<\\\/strong><\\\/p>\\n\n\n<p style=\\\"text-align: justify;\\\">Ha desarrollado su trayectoria profesional en el \\u00e1mbito de la gesti\\u00f3n ostentando diferentes posiciones como Controller, Director Financiero y Director General formando tambi\\u00e9n parte de Comit\\u00e9s de direcci\\u00f3n y \\u00f3rganos de gobierno en empresas como VISA, SINTEL (Grupo Telef\\u00f3nica), Ericsson, ONO y Gestair.<\\\/p>\\n\n\n<p style=\\\"text-align: justify;\\\">Cuenta con experiencia internacional al haber desempe\\u00f1ado cargos ejecutivos en varios pa\\u00edses de Hispanoam\\u00e9rica.<\\\/p>\\n\n\n<p style=\\\"text-align: justify;\\\">Ha participado en proyectos de Compra y Venta de Compa\\u00f1\\u00edas, reestructuraciones, lanzamiento de empresas, EREs y operaciones corporativas (MBOs).<\\\/p>\\n\n\n<p style=\\\"text-align: justify;\\\">Desde hace seis seis a\\u00f1os ha dedicado su actividad profesional al mundo de la empresa familiar asesorando en proyectos corporativos y de reestructuraci\\u00f3n de compa\\u00f1\\u00edas.<\\\/p>\\n\n\n<p style=\\\"text-align: justify;\\\">En el campo docente ha sido profesor en la Universidad Europea en materia de estructuras de financiaci\\u00f3n y fiscalidad internacional en el programa Master en Edificaci\\u00f3n y Construcci\\u00f3n de la Universidad Europea y en la c\\u00e1tedra de estructura econ\\u00f3mica de la Universidad Aut\\u00f3noma de Madrid.<\\\/p>\"}}]}]}]},{\"name\":\"Case Studies\",\"type\":\"section\",\"props\":{\"style\":\"muted\",\"width\":\"default\",\"vertical_align\":\"middle\",\"title_position\":\"top-left\",\"title_rotation\":\"left\",\"title_breakpoint\":\"xl\",\"image_position\":\"center-center\",\"padding\":\"large\",\"animation_delay\":false,\"status\":\"disabled\"},\"children\":[{\"name\":\"\",\"type\":\"row\",\"props\":{\"margin\":\"large\"},\"children\":[{\"name\":\"\",\"type\":\"column\",\"props\":{\"image_position\":\"center-center\",\"width_medium\":\"1-1\",\"media_overlay_gradient\":\"\"},\"children\":[{\"name\":\"\",\"type\":\"headline\",\"props\":{\"title_element\":\"h2\",\"content\":\"Estudios de casos\",\"title_style\":\"h3\",\"title_decoration\":\"bullet\"}}]}]},{\"name\":\"\",\"type\":\"row\",\"props\":{\"layout\":\"2-3,1-3\",\"column_gap\":\"large\",\"row_gap\":\"large\"},\"children\":[{\"name\":\"\",\"type\":\"column\",\"props\":{\"image_position\":\"center-center\",\"width_medium\":\"2-3\",\"media_overlay_gradient\":\"\"},\"children\":[{\"name\":\"\",\"type\":\"panel\",\"props\":{\"link_text\":\"Read more\",\"title_element\":\"h3\",\"meta_style\":\"meta\",\"meta_align\":\"above-title\",\"image_align\":\"top\",\"image_grid_width\":\"1-2\",\"link_style\":\"link-text\",\"margin\":\"default\",\"image\":\"wp-content\\\/uploads\\\/vita-case-studies.jpg\",\"image_width\":\"910\",\"meta\":\"March 21, 2017\",\"title\":\"Saving over 3 Billion on a New Submarine\",\"content\":\"Lorem ipsum dolor sit amet, consetetur sadipscing elitr, sed diam nonumy eirmod tempor invidunt ut labore et dolore magna aliquyam erat, sed diam voluptun dolor sit amet.\",\"link\":\"#\",\"image_grid_breakpoint\":\"m\",\"icon_width\":80,\"title_hover_style\":\"reset\",\"title_align\":\"top\",\"title_grid_width\":\"1-2\",\"title_grid_breakpoint\":\"m\",\"content_column_breakpoint\":\"m\",\"image_svg_color\":\"emphasis\"}}]},{\"name\":\"\",\"type\":\"column\",\"props\":{\"image_position\":\"center-center\",\"width_medium\":\"1-3\",\"order_first\":\"m\",\"media_overlay_gradient\":\"\"},\"children\":[{\"name\":\"\",\"type\":\"grid\",\"props\":{\"show_title\":true,\"show_meta\":true,\"show_content\":true,\"show_image\":true,\"show_link\":true,\"grid_default\":\"1\",\"grid_medium\":\"\",\"title_element\":\"h3\",\"meta_style\":\"meta\",\"meta_align\":\"above-title\",\"image_align\":\"top\",\"image_grid_width\":\"1-2\",\"link_text\":\"Read more\",\"link_style\":\"link-text\",\"margin\":\"default\",\"title_style\":\"h5\",\"grid_divider\":true,\"image_grid_breakpoint\":\"m\",\"icon_width\":80,\"filter_style\":\"tab\",\"filter_all\":true,\"filter_position\":\"top\",\"filter_align\":\"left\",\"filter_grid_width\":\"auto\",\"filter_grid_breakpoint\":\"m\",\"title_hover_style\":\"reset\",\"title_align\":\"top\",\"title_grid_width\":\"1-2\",\"title_grid_breakpoint\":\"m\",\"content_column_breakpoint\":\"m\",\"image_svg_color\":\"emphasis\",\"item_animation\":\"\"},\"children\":[{\"name\":\"\",\"type\":\"grid_item\",\"props\":{\"content\":\"\",\"title\":\"Jack\\u2019s First Consulting Contract in Las Vegas\",\"meta\":\"March 21, 2017\",\"link\":\"index.php?page_id=29\"}},{\"name\":\"\",\"type\":\"grid_item\",\"props\":{\"content\":\"\",\"title\":\"How to Keep Difficult Clients Happy\",\"meta\":\"October 2, 2017\",\"link\":\"index.php?page_id=29\"}},{\"name\":\"\",\"type\":\"grid_item\",\"props\":{\"content\":\"\",\"title\":\"Creating New Business Standards\",\"meta\":\"July 22, 2017\",\"link\":\"index.php?page_id=29\"}}]}]}]}]}],\"version\":\"2.1.2\"} --><\/p>\n","protected":false},"excerpt":{"rendered":"<p>Javier Manso CEO &amp; Socio Fundador Madrid, Espa\u00f1a +34 619 839 892 javiermanso@fiduciasolutions.es linkedin Licenciado en Ciencias Econ\u00f3micas y Empresariales por la Universidad Complutense de Madrid, M\u00e1ster en Direcci\u00f3n de empresas por el IESE y M\u00e1ster \u00a0en Tributaci\u00f3n por el CEF. Ha desarrollado su trayectoria profesional en el \u00e1mbito de la gesti\u00f3n ostentando diferentes posiciones [&hellip;]<\/p>\n","protected":false},"author":1,"featured_media":0,"parent":0,"menu_order":2,"comment_status":"closed","ping_status":"closed","template":"","meta":[],"_links":{"self":[{"href":"https:\/\/fiduciasolutions.es\/index.php?rest_route=\/wp\/v2\/pages\/269"}],"collection":[{"href":"https:\/\/fiduciasolutions.es\/index.php?rest_route=\/wp\/v2\/pages"}],"about":[{"href":"https:\/\/fiduciasolutions.es\/index.php?rest_route=\/wp\/v2\/types\/page"}],"author":[{"embeddable":true,"href":"https:\/\/fiduciasolutions.es\/index.php?rest_route=\/wp\/v2\/users\/1"}],"replies":[{"embeddable":true,"href":"https:\/\/fiduciasolutions.es\/index.php?rest_route=%2Fwp%2Fv2%2Fcomments&post=269"}],"version-history":[{"count":21,"href":"https:\/\/fiduciasolutions.es\/index.php?rest_route=\/wp\/v2\/pages\/269\/revisions"}],"predecessor-version":[{"id":642,"href":"https:\/\/fiduciasolutions.es\/index.php?rest_route=\/wp\/v2\/pages\/269\/revisions\/642"}],"wp:attachment":[{"href":"https:\/\/fiduciasolutions.es\/index.php?rest_route=%2Fwp%2Fv2%2Fmedia&parent=269"}],"curies":[{"name":"wp","href":"https:\/\/api.w.org\/{rel}","templated":true}]}}