{"id":28,"date":"2017-08-17T07:45:38","date_gmt":"2017-08-17T07:45:38","guid":{"rendered":"http:\/\/localhost\/Themes\/2017\/Vision\/Website_WP\/index.php\/peter-watson\/"},"modified":"2021-11-19T18:32:10","modified_gmt":"2021-11-19T18:32:10","slug":"peter-watson","status":"publish","type":"page","link":"https:\/\/fiduciasolutions.es\/?page_id=28","title":{"rendered":"Antonio Mendez"},"content":{"rendered":"<h1>Antonio Mendez<\/h1>\n<div>\n<p>Socio<\/p>\n<\/div>\n<p><img src=\"\/wp-content\/uploads\/AntonioM-1100x1467-1-e1635445568348.png\" alt=\"\"><\/p>\n<div>\n<p>Madrid, Espa\u00f1a<\/p>\n<\/div>\n<p>\n    <a href=\"tel:+34 689 683 660\">+34 689 683 660<\/a>\n<\/p>\n<p>\n    <a href=\"mailto:antoniomendez@fiduciasolutions.es\">antoniomendez@fiduciasolutions.es<\/a>\n<\/p>\n<ul>\n<li><a href=\"https:\/\/www.linkedin.com\/in\/antonio-mendez-cano-758a6210\/\">linkedin<\/a><\/li>\n<\/ul>\n<div>\n<p style=\"text-align: justify;\"><strong>Licenciado en Ciencias Econ\u00f3micas y Empresariales por la Universidad Aut\u00f3noma de Madrid, M\u00e1ster en Auditoria por el IADE y en Direcci\u00f3n de Empresas por el IESE.<\/strong><\/p>\n<p style=\"text-align: justify;\">Ha desarrollado toda su trayectoria profesional en el \u00e1mbito de la auditoria, direcci\u00f3n administrativo financiera, ha formando parte de los comit\u00e9s\u00a0 de direcci\u00f3n del consejo de administraci\u00f3n de las filiales de varias\u00a0 multinacionales, durante los \u00faltimos a\u00f1os\u00a0 se ha dedicado a las Inversiones (M&amp;A) y la Planificaci\u00f3n Estrat\u00e9gica en campos de Energ\u00eda, Telecomunicaciones, Internet y Servicios Profesionales, tanto a nivel nacional como internacional.<\/p>\n<p style=\"text-align: justify;\">Comenz\u00f3 su carrera profesional en Arthur Andersen, como auditor, posteriormente fue Director Financiero, Consejero Delegado y Coordinador de Expansi\u00f3n Internacional del Grupo CIPE Espa\u00f1a, filial de CIPE France, ocupo el puesto de Director Financiero y de Operaciones en RB internacional, multinacional americana. Desde el a\u00f1o 1997 ha desarrollado su carrera profesional en al Grupo Gas Natural Fenosa, donde ha sido Gerente de Inversiones Internacionales en Uni\u00f3n Fenosa Internacional, Director de Planificaci\u00f3n Estrat\u00e9gica de Uni\u00f3n Fenosa Inversiones, Responsable de Planificaci\u00f3n Estrategia del Grupo Uni\u00f3n Fenosa y finalmente Controller en Naturgy Energy Group.<\/p>\n<p style=\"text-align: justify;\">Durante los \u00faltimos diez a\u00f1os ha compaginado su actividad profesional con la actividad docente siendo profesor en ESADE, en los programas MBA y Master Corporate Finance y en la UE en el MBA de MBA Ingenier\u00eda y Construcci\u00f3n.<\/p>\n<\/div>\n<h2>Estudios de casos<\/h2>\n<div>\n<p>        <img src=\"\/wp-content\/uploads\/vita-case-studies.jpg\" alt=\"\"><\/p>\n<h3>Como debe ser un plan de reestructuraci\u00f3n financiera<\/h3>\n<p>Noviembre 2021<\/p>\n<div>\n<p>Estos procesos implican profundos cambios en la estructuraci\u00f3n de los Recursos con Coste (Equity + Deuda) de las compa\u00f1\u00edas, reorganizando plazos de amortizaci\u00f3n, pago de intereses, capitalizaci\u00f3n de determinadas deudas, etc.<\/p>\n<p>\u00a0<\/p>\n<\/div>\n<p><a href=\"#\">Leer m\u00e1s<\/a><\/p>\n<\/div>\n<ul>\n<li>\n<h3>Como redactar un Protocolo familiar<\/h3>\n<p>Octubre 2021<\/p>\n<p><a href=\"#\">Leer m\u00e1s<\/a><\/p>\n<\/li>\n<li>\n<h3>C\u00f3mo mantener contentos a los clientes dif\u00edciles<\/h3>\n<p>Septiembre 2021<\/p>\n<p><a href=\"\/index.php?page_id=29\">Leer m\u00e1s<\/a><\/p>\n<\/li>\n<li>\n<h3>Creaci\u00f3n de nuevas normas empresariales<\/h3>\n<p>Agosto 2021<\/p>\n<p><a href=\"#\">Leer m\u00e1s<\/a><\/p>\n<\/li>\n<\/ul>\n<p><!-- {\"name\":\"\",\"type\":\"layout\",\"children\":[{\"name\":\"Vita\",\"type\":\"section\",\"props\":{\"style\":\"default\",\"width\":\"default\",\"vertical_align\":\"middle\",\"title_position\":\"top-left\",\"title_rotation\":\"left\",\"title_breakpoint\":\"xl\",\"image_position\":\"center-center\",\"padding\":\"large\",\"animation_delay\":false},\"children\":[{\"name\":\"\",\"type\":\"row\",\"children\":[{\"name\":\"\",\"type\":\"column\",\"props\":{\"image_position\":\"center-center\",\"width_medium\":\"1-1\",\"media_overlay_gradient\":\"\"},\"children\":[{\"name\":\"\",\"type\":\"headline\",\"props\":{\"title_element\":\"h1\",\"content\":\"Antonio Mendez\",\"title_decoration\":\"bullet\",\"title_style\":\"h2\",\"margin\":\"small\"}},{\"name\":\"\",\"type\":\"text\",\"props\":{\"margin\":\"remove-vertical\",\"column_breakpoint\":\"m\",\"content\":\"\n\n<p>Socio<\\\/p>\"}}]}]},{\"name\":\"\",\"type\":\"row\",\"props\":{\"layout\":\"1-3,2-3\",\"column_gap\":\"large\",\"row_gap\":\"large\"},\"children\":[{\"name\":\"\",\"type\":\"column\",\"props\":{\"image_position\":\"center-center\",\"width_small\":\"1-3\",\"media_overlay_gradient\":\"\"},\"children\":[{\"name\":\"\",\"type\":\"image\",\"props\":{\"margin\":\"default\",\"image\":\"wp-content\\\/uploads\\\/AntonioM-1100x1467-1-e1635445568348.png\",\"image_width\":\"600\",\"image_svg_color\":\"emphasis\"}},{\"name\":\"\",\"type\":\"text\",\"props\":{\"margin\":\"medium\",\"column_breakpoint\":\"m\",\"content\":\"\n\n<p>Madrid, Espa\\u00f1a<\\\/p>\",\"margin_remove_top\":false,\"margin_remove_bottom\":true}},{\"name\":\"\",\"type\":\"button\",\"props\":{\"margin\":\"remove-vertical\",\"grid_column_gap\":\"small\",\"grid_row_gap\":\"small\"},\"children\":[{\"name\":\"\",\"type\":\"button_item\",\"props\":{\"button_style\":\"link-text\",\"icon_align\":\"left\",\"content\":\"+34 689 683 660\",\"link\":\"tel:+34 689 683 660\"}}]},{\"name\":\"\",\"type\":\"button\",\"props\":{\"margin\":\"remove-vertical\",\"grid_column_gap\":\"small\",\"grid_row_gap\":\"small\"},\"children\":[{\"name\":\"\",\"type\":\"button_item\",\"props\":{\"button_style\":\"\",\"icon_align\":\"left\",\"content\":\"antoniomendez@fiduciasolutions.es\",\"link\":\"mailto:antoniomendez@fiduciasolutions.es\"}}]},{\"name\":\"\",\"type\":\"social\",\"props\":{\"link_style\":\"link\",\"margin\":\"default\",\"gap\":\"small\",\"link_1\":\"https:\\\/\\\/www.linkedin.com\\\/in\\\/antonio-mendez-cano-758a6210\\\/\",\"link_2\":\"\",\"link_3\":\"\"}}]},{\"name\":\"\",\"type\":\"column\",\"props\":{\"image_position\":\"center-center\",\"width_small\":\"2-3\",\"media_overlay_gradient\":\"\"},\"children\":[{\"name\":\"\",\"type\":\"text\",\"props\":{\"margin\":\"default\",\"column_breakpoint\":\"m\",\"content\":\"\n\n<p style=\\\"text-align: justify;\\\"><strong>Licenciado en Ciencias Econ\\u00f3micas y Empresariales por la Universidad Aut\\u00f3noma de Madrid, M\\u00e1ster en Auditoria por el IADE y en Direcci\\u00f3n de Empresas por el IESE.<\\\/strong><\\\/p>\\n\n\n<p style=\\\"text-align: justify;\\\">Ha desarrollado toda su trayectoria profesional en el \\u00e1mbito de la auditoria, direcci\\u00f3n administrativo financiera, ha formando parte de los comit\\u00e9s\\u00a0 de direcci\\u00f3n del consejo de administraci\\u00f3n de las filiales de varias\\u00a0 multinacionales, durante los \\u00faltimos a\\u00f1os\\u00a0 se ha dedicado a las Inversiones (M&amp;A) y la Planificaci\\u00f3n Estrat\\u00e9gica en campos de Energ\\u00eda, Telecomunicaciones, Internet y Servicios Profesionales, tanto a nivel nacional como internacional.<\\\/p>\\n\n\n<p style=\\\"text-align: justify;\\\">Comenz\\u00f3 su carrera profesional en Arthur Andersen, como auditor, posteriormente fue Director Financiero, Consejero Delegado y Coordinador de Expansi\\u00f3n Internacional del Grupo CIPE Espa\\u00f1a, filial de CIPE France, ocupo el puesto de Director Financiero y de Operaciones en RB internacional, multinacional americana. Desde el a\\u00f1o 1997 ha desarrollado su carrera profesional en al Grupo Gas Natural Fenosa, donde ha sido Gerente de Inversiones Internacionales en Uni\\u00f3n Fenosa Internacional, Director de Planificaci\\u00f3n Estrat\\u00e9gica de Uni\\u00f3n Fenosa Inversiones, Responsable de Planificaci\\u00f3n Estrategia del Grupo Uni\\u00f3n Fenosa y finalmente Controller en Naturgy Energy Group.<\\\/p>\\n\n\n<p style=\\\"text-align: justify;\\\">Durante los \\u00faltimos diez a\\u00f1os ha compaginado su actividad profesional con la actividad docente siendo profesor en ESADE, en los programas MBA y Master Corporate Finance y en la UE en el MBA de MBA Ingenier\\u00eda y Construcci\\u00f3n.<\\\/p>\"}}]}]}]},{\"name\":\"Case Studies\",\"type\":\"section\",\"props\":{\"style\":\"muted\",\"width\":\"default\",\"vertical_align\":\"middle\",\"title_position\":\"top-left\",\"title_rotation\":\"left\",\"title_breakpoint\":\"xl\",\"image_position\":\"center-center\",\"padding\":\"large\",\"animation_delay\":false,\"status\":\"disabled\"},\"children\":[{\"name\":\"\",\"type\":\"row\",\"props\":{\"margin\":\"large\"},\"children\":[{\"name\":\"\",\"type\":\"column\",\"props\":{\"image_position\":\"center-center\",\"width_medium\":\"1-1\",\"media_overlay_gradient\":\"\"},\"children\":[{\"name\":\"\",\"type\":\"headline\",\"props\":{\"title_element\":\"h2\",\"content\":\"Estudios de casos\",\"title_style\":\"h3\",\"title_decoration\":\"bullet\"}}]}]},{\"name\":\"\",\"type\":\"row\",\"props\":{\"layout\":\"2-3,1-3\",\"column_gap\":\"large\",\"row_gap\":\"large\"},\"children\":[{\"name\":\"\",\"type\":\"column\",\"props\":{\"image_position\":\"center-center\",\"width_medium\":\"2-3\",\"media_overlay_gradient\":\"\"},\"children\":[{\"name\":\"\",\"type\":\"panel\",\"props\":{\"link_text\":\"Leer m\\u00e1s\",\"title_element\":\"h3\",\"meta_style\":\"meta\",\"meta_align\":\"above-title\",\"image_align\":\"top\",\"image_grid_width\":\"1-2\",\"link_style\":\"link-text\",\"margin\":\"default\",\"image\":\"wp-content\\\/uploads\\\/vita-case-studies.jpg\",\"image_width\":\"910\",\"meta\":\"Noviembre 2021\",\"title\":\"Como debe ser un plan de reestructuraci\\u00f3n financiera\",\"content\":\"\n\n<p>Estos procesos implican profundos cambios en la estructuraci\\u00f3n de los Recursos con Coste (Equity + Deuda) de las compa\\u00f1\\u00edas, reorganizando plazos de amortizaci\\u00f3n, pago de intereses, capitalizaci\\u00f3n de determinadas deudas, etc.<\\\/p>\\n\n\n<p>\\u00a0<\\\/p>\",\"link\":\"#\",\"image_grid_breakpoint\":\"m\",\"icon_width\":80,\"title_hover_style\":\"reset\",\"title_align\":\"top\",\"title_grid_width\":\"1-2\",\"title_grid_breakpoint\":\"m\",\"content_column_breakpoint\":\"m\",\"image_svg_color\":\"emphasis\"}}]},{\"name\":\"\",\"type\":\"column\",\"props\":{\"image_position\":\"center-center\",\"width_medium\":\"1-3\",\"order_first\":\"m\",\"media_overlay_gradient\":\"\"},\"children\":[{\"name\":\"\",\"type\":\"grid\",\"props\":{\"show_title\":true,\"show_meta\":true,\"show_content\":true,\"show_image\":true,\"show_link\":true,\"grid_default\":\"1\",\"grid_medium\":\"\",\"title_element\":\"h3\",\"meta_style\":\"meta\",\"meta_align\":\"above-title\",\"image_align\":\"top\",\"image_grid_width\":\"1-2\",\"link_text\":\"Leer m\\u00e1s\",\"link_style\":\"link-text\",\"margin\":\"default\",\"title_style\":\"h5\",\"grid_divider\":true,\"image_grid_breakpoint\":\"m\",\"icon_width\":80,\"filter_style\":\"tab\",\"filter_all\":true,\"filter_position\":\"top\",\"filter_align\":\"left\",\"filter_grid_width\":\"auto\",\"filter_grid_breakpoint\":\"m\",\"title_hover_style\":\"reset\",\"title_align\":\"top\",\"title_grid_width\":\"1-2\",\"title_grid_breakpoint\":\"m\",\"content_column_breakpoint\":\"m\",\"image_svg_color\":\"emphasis\",\"item_animation\":\"\"},\"children\":[{\"name\":\"\",\"type\":\"grid_item\",\"props\":{\"content\":\"\",\"title\":\"Como redactar un Protocolo familiar\",\"meta\":\"Octubre 2021\",\"link\":\"#\"}},{\"name\":\"\",\"type\":\"grid_item\",\"props\":{\"content\":\"\",\"title\":\"C\\u00f3mo mantener contentos a los clientes dif\\u00edciles\",\"meta\":\"Septiembre 2021\",\"link\":\"index.php?page_id=29\"}},{\"name\":\"\",\"type\":\"grid_item\",\"props\":{\"content\":\"\",\"title\":\"Creaci\\u00f3n de nuevas normas empresariales\",\"meta\":\"Agosto 2021\",\"link\":\"#\"}}]}]}]}]}],\"version\":\"2.1.2\"} --><\/p>\n","protected":false},"excerpt":{"rendered":"<p>Antonio Mendez Socio Madrid, Espa\u00f1a +34 689 683 660 antoniomendez@fiduciasolutions.es linkedin Licenciado en Ciencias Econ\u00f3micas y Empresariales por la Universidad Aut\u00f3noma de Madrid, M\u00e1ster en Auditoria por el IADE y en Direcci\u00f3n de Empresas por el IESE. Ha desarrollado toda su trayectoria profesional en el \u00e1mbito de la auditoria, direcci\u00f3n administrativo financiera, ha formando parte [&hellip;]<\/p>\n","protected":false},"author":1,"featured_media":0,"parent":0,"menu_order":2,"comment_status":"closed","ping_status":"closed","template":"","meta":[],"_links":{"self":[{"href":"https:\/\/fiduciasolutions.es\/index.php?rest_route=\/wp\/v2\/pages\/28"}],"collection":[{"href":"https:\/\/fiduciasolutions.es\/index.php?rest_route=\/wp\/v2\/pages"}],"about":[{"href":"https:\/\/fiduciasolutions.es\/index.php?rest_route=\/wp\/v2\/types\/page"}],"author":[{"embeddable":true,"href":"https:\/\/fiduciasolutions.es\/index.php?rest_route=\/wp\/v2\/users\/1"}],"replies":[{"embeddable":true,"href":"https:\/\/fiduciasolutions.es\/index.php?rest_route=%2Fwp%2Fv2%2Fcomments&post=28"}],"version-history":[{"count":35,"href":"https:\/\/fiduciasolutions.es\/index.php?rest_route=\/wp\/v2\/pages\/28\/revisions"}],"predecessor-version":[{"id":645,"href":"https:\/\/fiduciasolutions.es\/index.php?rest_route=\/wp\/v2\/pages\/28\/revisions\/645"}],"wp:attachment":[{"href":"https:\/\/fiduciasolutions.es\/index.php?rest_route=%2Fwp%2Fv2%2Fmedia&parent=28"}],"curies":[{"name":"wp","href":"https:\/\/api.w.org\/{rel}","templated":true}]}}